{"id":864,"date":"2023-06-06T20:56:35","date_gmt":"2023-06-06T18:56:35","guid":{"rendered":"https:\/\/macadamproduction.com\/?post_type=product&#038;p=864"},"modified":"2024-03-08T18:01:07","modified_gmt":"2024-03-08T16:01:07","slug":"yoko_sobue","status":"publish","type":"product","link":"https:\/\/macadamproduction.com\/index.php\/product\/yoko_sobue\/","title":{"rendered":"Yoko Sobue (Y\u00fbry\u00f4 Furusawa)"},"content":{"rendered":"<p>Yoko Sobue est danseuse, chor\u00e9graphe et chor\u00e9ologue Benesh. Form\u00e9e \u00e0 la notation Benesh au Conservatoire national sup\u00e9rieur de musique et danse de Paris, elle obtient son dipl\u00f4me en 2013. Depuis 2016 elle collabore avec l\u2019ensemble de musique \u00ab Gaden \u00bb pour des spectacles du Jiuta-ma\u00ef. En 2021, elle re\u00e7oit au Japon le titre de \u00ab Natori \u00bb (dipl\u00f4me de professeur) de Jiuta-ma\u00ef \u00e0 l\u2019\u00e9cole Furusawa avec le nom de sc\u00e8ne \u00ab Y\u00fbry\u00f4 Furusawa \u00bb.<\/p>\n<p>Il existe deux types de danse traditionnelle au Japon. La premi\u00e8re est issue des danses de cons\u00e9crations, comme le N\u00f4 et le Jiuta-ma\u00ef. La deuxi\u00e8me s\u2019est d\u00e9velopp\u00e9 pour le public, comme le kabuki et le Nihon-buy\u00f4. Le jiuta-ma\u00ef est une danse traditionnelle qui s&#8217;est perfectionn\u00e9e sous la forte influence du N\u00f4. Contrairement au Nihon-buy\u00f4, qui appuie essentiellement sur la forme puis sur le sentiment qui suit la forme, le Jiuta-ma\u00ef se caract\u00e9rise \u00e0 la fois par la forme et l&#8217;\u00e9motion qui progressent presque simultan\u00e9ment. Le Goten-ma\u00ef, qui est \u00e0 l&#8217;origine du l\u2019\u00e9cole Furusawa de Jiuta-ma\u00ef, a \u00e9t\u00e9 interpr\u00e9t\u00e9 comme une danse de cons\u00e9cration et comme une source de divertissement pour les femmes vivant dans les ch\u00e2teaux.<\/p>\n<h4>Les atliers offerts par Yoko Sube<\/h4>\n<p>&nbsp;<\/p>\n<p>Dans l\u2019atelier, vous apprendrez comment utiliser le corps, en commen\u00e7ant par la salutation et la marche, qui sont les bases de la danse. Ensuite, par des explications, nous allons essayer les r\u00e9pertoires de l\u2019\u00e9cole Furusawa en nous concentrant sur les gestes, le regard et la manipulation de l\u2019\u00e9ventail.<\/p>\n","protected":false},"excerpt":{"rendered":"<p>Yoko Sobue est danseuse, chor\u00e9graphe et chor\u00e9ologue Benesh. Form\u00e9e \u00e0 la notation Benesh au Conservatoire national sup\u00e9rieur de musique et danse de Paris, elle obtient son dipl\u00f4me en 2013. Depuis 2016 elle collabore avec l\u2019ensemble de musique \u00ab Gaden \u00bb pour des spectacles du Jiuta-ma\u00ef. En 2021, elle re\u00e7oit au Japon le titre de \u00ab [&hellip;]<\/p>\n","protected":false},"featured_media":1313,"template":"","meta":{"_monsterinsights_skip_tracking":false,"_monsterinsights_sitenote_active":false,"_monsterinsights_sitenote_note":"","_monsterinsights_sitenote_category":0,"site-sidebar-layout":"default","site-content-layout":"default","ast-site-content-layout":"default","site-content-style":"default","site-sidebar-style":"default","ast-global-header-display":"","ast-banner-title-visibility":"","ast-main-header-display":"","ast-hfb-above-header-display":"","ast-hfb-below-header-display":"","ast-hfb-mobile-header-display":"","site-post-title":"","ast-breadcrumbs-content":"","ast-featured-img":"","footer-sml-layout":"","theme-transparent-header-meta":"default","adv-header-id-meta":"","stick-header-meta":"","header-above-stick-meta":"","header-main-stick-meta":"","header-below-stick-meta":"","astra-migrate-meta-layouts":"set","ast-page-background-enabled":"default","ast-page-background-meta":{"desktop":{"background-color":"var(--ast-global-color-4)","background-image":"","background-repeat":"repeat","background-position":"center center","background-size":"auto","background-attachment":"scroll","background-type":"","background-media":"","overlay-type":"","overlay-color":"","overlay-gradient":""},"tablet":{"background-color":"","background-image":"","background-repeat":"repeat","background-position":"center center","background-size":"auto","background-attachment":"scroll","background-type":"","background-media":"","overlay-type":"","overlay-color":"","overlay-gradient":""},"mobile":{"background-color":"","background-image":"","background-repeat":"repeat","background-position":"center center","background-size":"auto","background-attachment":"scroll","background-type":"","background-media":"","overlay-type":"","overlay-color":"","overlay-gradient":""}},"ast-content-background-meta":{"desktop":{"background-color":"var(--ast-global-color-5)","background-image":"","background-repeat":"repeat","background-position":"center center","background-size":"auto","background-attachment":"scroll","background-type":"","background-media":"","overlay-type":"","overlay-color":"","overlay-gradient":""},"tablet":{"background-color":"var(--ast-global-color-5)","background-image":"","background-repeat":"repeat","background-position":"center center","background-size":"auto","background-attachment":"scroll","background-type":"","background-media":"","overlay-type":"","overlay-color":"","overlay-gradient":""},"mobile":{"background-color":"var(--ast-global-color-5)","background-image":"","background-repeat":"repeat","background-position":"center center","background-size":"auto","background-attachment":"scroll","background-type":"","background-media":"","overlay-type":"","overlay-color":"","overlay-gradient":""}}},"product_cat":[55,82],"product_tag":[],"aioseo_notices":[],"_links":{"self":[{"href":"https:\/\/macadamproduction.com\/index.php\/wp-json\/wp\/v2\/product\/864"}],"collection":[{"href":"https:\/\/macadamproduction.com\/index.php\/wp-json\/wp\/v2\/product"}],"about":[{"href":"https:\/\/macadamproduction.com\/index.php\/wp-json\/wp\/v2\/types\/product"}],"version-history":[{"count":4,"href":"https:\/\/macadamproduction.com\/index.php\/wp-json\/wp\/v2\/product\/864\/revisions"}],"predecessor-version":[{"id":1327,"href":"https:\/\/macadamproduction.com\/index.php\/wp-json\/wp\/v2\/product\/864\/revisions\/1327"}],"wp:featuredmedia":[{"embeddable":true,"href":"https:\/\/macadamproduction.com\/index.php\/wp-json\/wp\/v2\/media\/1313"}],"wp:attachment":[{"href":"https:\/\/macadamproduction.com\/index.php\/wp-json\/wp\/v2\/media?parent=864"}],"wp:term":[{"taxonomy":"product_cat","embeddable":true,"href":"https:\/\/macadamproduction.com\/index.php\/wp-json\/wp\/v2\/product_cat?post=864"},{"taxonomy":"product_tag","embeddable":true,"href":"https:\/\/macadamproduction.com\/index.php\/wp-json\/wp\/v2\/product_tag?post=864"}],"curies":[{"name":"wp","href":"https:\/\/api.w.org\/{rel}","templated":true}]}}