{"id":1635,"date":"2024-03-08T18:05:07","date_gmt":"2024-03-08T16:05:07","guid":{"rendered":"https:\/\/macadamproduction.com\/?post_type=product&#038;p=1635"},"modified":"2024-03-08T18:11:29","modified_gmt":"2024-03-08T16:11:29","slug":"trio-gaden","status":"publish","type":"product","link":"https:\/\/macadamproduction.com\/index.php\/product\/trio-gaden\/","title":{"rendered":"Trio Gaden"},"content":{"rendered":"<p>Le r\u00e9pertoire du trio Gaden puise dans plusieurs <strong>styles de musiques japonaises traditionnelles<\/strong> : le Jiuta (\u00ab chant des provinces \u00bb), r\u00e9pertoire du luth shamisen, le Sookyoku, r\u00e9pertoire musical de la cithare koto et le Honkyoku (\u00ab pi\u00e8ces fondamentales \u00bb) constituant le r\u00e9pertoire central de la fl\u00fbte shakuhachi.<\/p>\n<p><strong>Les membres du Trio<\/strong><\/p>\n<ul>\n<li>Akari Sagara au koto et au chant.Elle commence son apprentissage du koto et du shamisen \u00e0 l\u2019\u00e9cole Ikuta de Sapporo au Japon. A son arriv\u00e9e \u00e0 Paris, elle devient disciple de Mieko Miyazaki aupr\u00e8s de qui elle compl\u00e8te sa formation au koto, au shamisen et au chant dans les r\u00e9pertoires Jiuta et Sookyoku.<\/li>\n<li>Christophe Kazan Gaston au shakuhachi. Il est dipl\u00f4m\u00e9 de l\u2019\u00e9cole Shin-Tozan Ry\u00fb o\u00f9 il a suivi les enseignements de S\u00f4zan Chiaki Kariya, repr\u00e9sentant officiel de cette \u00e9cole en France. En 2016, il devient \u00ab Shihan \u00bb (ma\u00eetre) et re\u00e7oit le nom de sc\u00e8ne \u00ab Kazan \u00bb (\u6b4c\u5c71 \u2013 la montagne qui chante).<\/li>\n<li>Guillaume Fiat au shamisen. Il commence la musique avec la guitare \u00e9lectrique et la musique m\u00e9tal. Guitariste professionnel, il est aussi passionn\u00e9 du Japon et de sa culture et c&#8217;est lors d&#8217;un voyage qu&#8217;il ram\u00e8ne un shamisen. La beaut\u00e9 de l&#8217;instrument ainsi que ses sonorit\u00e9s modales sont un d\u00e9clic pour lui et il sera form\u00e9 par la c\u00e9l\u00e8bre Mieko Miyazaki \u00e0 Paris.<\/li>\n<\/ul>\n<p>Les formations traditionnelles du type de Gaden sont qualifi\u00e9es d\u2019orchestre de Sankyoku (\u00ab pi\u00e8ces musicales \u00e0 trois \u00bb) et repr\u00e9sente un exemple typique de formations d\u00e9di\u00e9es \u00e0 la musique \u00ab savante \u00bb ou \u00ab classique \u00bb japonaise. Les pi\u00e8ces pr\u00e9sent\u00e9es ont, pour la plupart, \u00e9t\u00e9 compos\u00e9es \u00e0 l\u2019\u00e9poque Edo (1603 \u2013 1868), \u00e9poque o\u00f9 le bouddhisme est tr\u00e8s influent et marque l\u2019esth\u00e9tique des oeuvres artistiques<\/p>\n<p><strong>Trio Gaden et la danseuse Yoko Sobue (Y\u00fbry\u00f4 Furusawa):<\/strong><\/p>\n<p>La <strong>danse japonaise<\/strong> Jiuta-Ma\u00ef, aussi appel\u00e9e Kamigata Ma\u00ef, s\u2019est d\u00e9velopp\u00e9e principalement \u00e0 Kyoto et \u00e0 Osaka, dans la r\u00e9gion du sud-ouest du Japon. Elle porte l\u2019influence du th\u00e9atre N\u00f4 et se rattache \u00e0 la danse de Shiraby\u00f4shi, marqu\u00e9e par les arts de cours de la p\u00e9riode H\u00e9\u00efan. Elle en conserve la d\u00e9licatesse des gestes, la beaut\u00e9 et l\u2019expression qui met l\u2019accent sur l\u2019\u00e9motion du danseur. Dans cette formule, la danseuse Y\u00fbry\u00f4 Furusawa est accompagn\u00e9e des musiciens du trio Gaden.<\/p>\n<div style=\"width: 1920px;\" class=\"wp-video\"><!--[if lt IE 9]><script>document.createElement('video');<\/script><![endif]-->\n<video class=\"wp-video-shortcode\" id=\"video-1635-1\" width=\"1920\" height=\"1080\" preload=\"metadata\" controls=\"controls\"><source type=\"video\/mp4\" src=\"http:\/\/macadamproduction.com\/wp-content\/uploads\/2024\/03\/Gaden-Teaser.mp4?_=1\" \/><a href=\"http:\/\/macadamproduction.com\/wp-content\/uploads\/2024\/03\/Gaden-Teaser.mp4\">http:\/\/macadamproduction.com\/wp-content\/uploads\/2024\/03\/Gaden-Teaser.mp4<\/a><\/video><\/div>\n","protected":false},"excerpt":{"rendered":"<p>Le r\u00e9pertoire du trio Gaden puise dans plusieurs styles de musiques japonaises traditionnelles : le Jiuta (\u00ab chant des provinces \u00bb), r\u00e9pertoire du luth shamisen, le Sookyoku, r\u00e9pertoire musical de la cithare koto et le Honkyoku (\u00ab pi\u00e8ces fondamentales \u00bb) constituant le r\u00e9pertoire central de la fl\u00fbte shakuhachi. Les membres du Trio Akari Sagara au [&hellip;]<\/p>\n","protected":false},"featured_media":1322,"template":"","meta":{"_monsterinsights_skip_tracking":false,"_monsterinsights_sitenote_active":false,"_monsterinsights_sitenote_note":"","_monsterinsights_sitenote_category":0,"site-sidebar-layout":"default","site-content-layout":"default","ast-site-content-layout":"default","site-content-style":"default","site-sidebar-style":"default","ast-global-header-display":"","ast-banner-title-visibility":"","ast-main-header-display":"","ast-hfb-above-header-display":"","ast-hfb-below-header-display":"","ast-hfb-mobile-header-display":"","site-post-title":"","ast-breadcrumbs-content":"","ast-featured-img":"","footer-sml-layout":"","theme-transparent-header-meta":"default","adv-header-id-meta":"","stick-header-meta":"","header-above-stick-meta":"","header-main-stick-meta":"","header-below-stick-meta":"","astra-migrate-meta-layouts":"set","ast-page-background-enabled":"default","ast-page-background-meta":{"desktop":{"background-color":"var(--ast-global-color-4)","background-image":"","background-repeat":"repeat","background-position":"center center","background-size":"auto","background-attachment":"scroll","background-type":"","background-media":"","overlay-type":"","overlay-color":"","overlay-gradient":""},"tablet":{"background-color":"","background-image":"","background-repeat":"repeat","background-position":"center center","background-size":"auto","background-attachment":"scroll","background-type":"","background-media":"","overlay-type":"","overlay-color":"","overlay-gradient":""},"mobile":{"background-color":"","background-image":"","background-repeat":"repeat","background-position":"center center","background-size":"auto","background-attachment":"scroll","background-type":"","background-media":"","overlay-type":"","overlay-color":"","overlay-gradient":""}},"ast-content-background-meta":{"desktop":{"background-color":"var(--ast-global-color-5)","background-image":"","background-repeat":"repeat","background-position":"center center","background-size":"auto","background-attachment":"scroll","background-type":"","background-media":"","overlay-type":"","overlay-color":"","overlay-gradient":""},"tablet":{"background-color":"var(--ast-global-color-5)","background-image":"","background-repeat":"repeat","background-position":"center center","background-size":"auto","background-attachment":"scroll","background-type":"","background-media":"","overlay-type":"","overlay-color":"","overlay-gradient":""},"mobile":{"background-color":"var(--ast-global-color-5)","background-image":"","background-repeat":"repeat","background-position":"center center","background-size":"auto","background-attachment":"scroll","background-type":"","background-media":"","overlay-type":"","overlay-color":"","overlay-gradient":""}}},"product_cat":[55,82],"product_tag":[],"aioseo_notices":[],"_links":{"self":[{"href":"https:\/\/macadamproduction.com\/index.php\/wp-json\/wp\/v2\/product\/1635"}],"collection":[{"href":"https:\/\/macadamproduction.com\/index.php\/wp-json\/wp\/v2\/product"}],"about":[{"href":"https:\/\/macadamproduction.com\/index.php\/wp-json\/wp\/v2\/types\/product"}],"version-history":[{"count":3,"href":"https:\/\/macadamproduction.com\/index.php\/wp-json\/wp\/v2\/product\/1635\/revisions"}],"predecessor-version":[{"id":1639,"href":"https:\/\/macadamproduction.com\/index.php\/wp-json\/wp\/v2\/product\/1635\/revisions\/1639"}],"wp:featuredmedia":[{"embeddable":true,"href":"https:\/\/macadamproduction.com\/index.php\/wp-json\/wp\/v2\/media\/1322"}],"wp:attachment":[{"href":"https:\/\/macadamproduction.com\/index.php\/wp-json\/wp\/v2\/media?parent=1635"}],"wp:term":[{"taxonomy":"product_cat","embeddable":true,"href":"https:\/\/macadamproduction.com\/index.php\/wp-json\/wp\/v2\/product_cat?post=1635"},{"taxonomy":"product_tag","embeddable":true,"href":"https:\/\/macadamproduction.com\/index.php\/wp-json\/wp\/v2\/product_tag?post=1635"}],"curies":[{"name":"wp","href":"https:\/\/api.w.org\/{rel}","templated":true}]}}