{"id":1335,"date":"2023-10-02T17:34:32","date_gmt":"2023-10-02T15:34:32","guid":{"rendered":"https:\/\/macadamproduction.com\/?post_type=product&#038;p=1335"},"modified":"2023-10-02T21:11:29","modified_gmt":"2023-10-02T19:11:29","slug":"uptight","status":"publish","type":"product","link":"https:\/\/macadamproduction.com\/index.php\/product\/uptight\/","title":{"rendered":"Uptight"},"content":{"rendered":"<p>UPTIGHT, c\u2019est un groupe parisien addict \u00e0 la sc\u00e8ne form\u00e9 en 2017 dont le son navigue entre Soul et Heavy-Funk. Aiguis\u00e9 au fil des concerts (New Morning, Point Eph\u00e9m\u00e8re, Enghien Jazz Festival&#8230;) le show d\u2019UPTIGHT vous propulse dans une nouvelle dimension \u00e0 l&#8217;\u00e9nergie lib\u00e9ratrice. Le groupe a aussi fait voyager sa Soul jusqu\u2019en Tanzanie lors d\u2019un festival \u00e0 Dar es Salam et \u00e0 l\u2019occasion d\u2019une belle tourn\u00e9e au Vietnam.<\/p>\n<p>En 2017, UPTIGHT enregistre un premier L.P en auto production intitul\u00e9 \u00abSoul Kitchen\u00bb suivi en 2019 d\u2019un E.P 4 titres \u00abTomorrow is my turn \u00bb enregistr\u00e9 en prise live sur bande analogique pour un son toujours plus authentique. Aujourd&#8217;hui le groupe travail \u00e0 son prochain album \u00ab People, are you Ready ? \u00bb<\/p>\n","protected":false},"excerpt":{"rendered":"<p>UPTIGHT, c\u2019est un groupe parisien addict \u00e0 la sc\u00e8ne form\u00e9 en 2017 dont le son navigue entre Soul et Heavy-Funk. Aiguis\u00e9 au fil des concerts (New Morning, Point Eph\u00e9m\u00e8re, Enghien Jazz Festival&#8230;) le show d\u2019UPTIGHT vous propulse dans une nouvelle dimension \u00e0 l&#8217;\u00e9nergie lib\u00e9ratrice. Le groupe a aussi fait voyager sa Soul jusqu\u2019en Tanzanie lors [&hellip;]<\/p>\n","protected":false},"featured_media":1340,"template":"","meta":{"_monsterinsights_skip_tracking":false,"_monsterinsights_sitenote_active":false,"_monsterinsights_sitenote_note":"","_monsterinsights_sitenote_category":0,"site-sidebar-layout":"default","site-content-layout":"default","ast-site-content-layout":"","site-content-style":"default","site-sidebar-style":"default","ast-global-header-display":"","ast-banner-title-visibility":"","ast-main-header-display":"","ast-hfb-above-header-display":"","ast-hfb-below-header-display":"","ast-hfb-mobile-header-display":"","site-post-title":"","ast-breadcrumbs-content":"","ast-featured-img":"","footer-sml-layout":"","theme-transparent-header-meta":"default","adv-header-id-meta":"","stick-header-meta":"","header-above-stick-meta":"","header-main-stick-meta":"","header-below-stick-meta":"","astra-migrate-meta-layouts":"default","ast-page-background-enabled":"default","ast-page-background-meta":{"desktop":{"background-color":"var(--ast-global-color-4)","background-image":"","background-repeat":"repeat","background-position":"center center","background-size":"auto","background-attachment":"scroll","background-type":"","background-media":"","overlay-type":"","overlay-color":"","overlay-gradient":""},"tablet":{"background-color":"","background-image":"","background-repeat":"repeat","background-position":"center center","background-size":"auto","background-attachment":"scroll","background-type":"","background-media":"","overlay-type":"","overlay-color":"","overlay-gradient":""},"mobile":{"background-color":"","background-image":"","background-repeat":"repeat","background-position":"center center","background-size":"auto","background-attachment":"scroll","background-type":"","background-media":"","overlay-type":"","overlay-color":"","overlay-gradient":""}},"ast-content-background-meta":{"desktop":{"background-color":"var(--ast-global-color-5)","background-image":"","background-repeat":"repeat","background-position":"center center","background-size":"auto","background-attachment":"scroll","background-type":"","background-media":"","overlay-type":"","overlay-color":"","overlay-gradient":""},"tablet":{"background-color":"var(--ast-global-color-5)","background-image":"","background-repeat":"repeat","background-position":"center center","background-size":"auto","background-attachment":"scroll","background-type":"","background-media":"","overlay-type":"","overlay-color":"","overlay-gradient":""},"mobile":{"background-color":"var(--ast-global-color-5)","background-image":"","background-repeat":"repeat","background-position":"center center","background-size":"auto","background-attachment":"scroll","background-type":"","background-media":"","overlay-type":"","overlay-color":"","overlay-gradient":""}}},"product_cat":[83],"product_tag":[],"aioseo_notices":[],"_links":{"self":[{"href":"https:\/\/macadamproduction.com\/index.php\/wp-json\/wp\/v2\/product\/1335"}],"collection":[{"href":"https:\/\/macadamproduction.com\/index.php\/wp-json\/wp\/v2\/product"}],"about":[{"href":"https:\/\/macadamproduction.com\/index.php\/wp-json\/wp\/v2\/types\/product"}],"version-history":[{"count":1,"href":"https:\/\/macadamproduction.com\/index.php\/wp-json\/wp\/v2\/product\/1335\/revisions"}],"predecessor-version":[{"id":1342,"href":"https:\/\/macadamproduction.com\/index.php\/wp-json\/wp\/v2\/product\/1335\/revisions\/1342"}],"wp:featuredmedia":[{"embeddable":true,"href":"https:\/\/macadamproduction.com\/index.php\/wp-json\/wp\/v2\/media\/1340"}],"wp:attachment":[{"href":"https:\/\/macadamproduction.com\/index.php\/wp-json\/wp\/v2\/media?parent=1335"}],"wp:term":[{"taxonomy":"product_cat","embeddable":true,"href":"https:\/\/macadamproduction.com\/index.php\/wp-json\/wp\/v2\/product_cat?post=1335"},{"taxonomy":"product_tag","embeddable":true,"href":"https:\/\/macadamproduction.com\/index.php\/wp-json\/wp\/v2\/product_tag?post=1335"}],"curies":[{"name":"wp","href":"https:\/\/api.w.org\/{rel}","templated":true}]}}