{"id":1332,"date":"2023-10-02T17:30:04","date_gmt":"2023-10-02T15:30:04","guid":{"rendered":"https:\/\/macadamproduction.com\/?post_type=product&#038;p=1332"},"modified":"2023-12-05T22:58:05","modified_gmt":"2023-12-05T20:58:05","slug":"svara-dunia","status":"publish","type":"product","link":"https:\/\/macadamproduction.com\/index.php\/product\/svara-dunia\/","title":{"rendered":"Svara Dunia"},"content":{"rendered":"<p>Svara Dunia est le duo d&#8217;une indon\u00e9sienne et d&#8217;un franco-colombien, artistes-musiciens et p\u00e9dagogues aupr\u00e8s du jeune public: en \u00e9cole, conservatoire et millieux sp\u00e9cialis\u00e9s.<\/p>\n<h5>\u00a9 signifie &#8220;le son du monde&#8221; en indon\u00e9sien. C&#8217;est l&#8217;axe principal de travail de ce duo cr\u00e9\u00e9 en 2021.<\/h5>\n<p>&nbsp;<\/p>\n<p>Ratna Indira :Ne\u0301e a\u0300 Jakarta, tre\u0300s to\u0302t passionne\u0301e de musique et de danse, elle y suit une formation classique en fl\u00fbte traversi\u00e8re qu&#8217;elle poursuivra a\u0300 Paris. Sa curiosit\u00e9\u0301 l&#8217;am\u00e8ne a\u0300 s\u2019aventurer dans des projets vari\u00e9s comme Svara Dunia et le groupe de chansons indone\u0301siennes &#8220;Kroncong Mambo&#8221;. C&#8217;est loin de son pays qu&#8217;elle apprend \u00e0 jouer le gamelan balinais avec le gamelan &#8220;Puspawarna\u201d qui enrichit son univers musical. Multi-instrumentiste, autrice-compositrice, et cheffe de choeur, elle est musicienne intervenante pour les conservatoires de Nanterre et de Gennevilliers. Sa sensibilit\u00e9\u0301 la conduit a\u0300 \u00e9laborer des projets musicaux en lien avec l&#8217;enfance.<\/p>\n<p>Nicolas Meluk :Originaire de Colombie, Nicolas Meluk de\u0301bute la guitare a\u0300 l\u2019a\u0302ge de dix ans. Apre\u0300s l\u2019obtention du baccalaure\u0301at au lyce\u0301e franc\u0327ais de Bogota il s\u2019installe a\u0300 Paris pour faire des \u00e9tudes de jazz. Il fait ses gammes a\u0300 l\u2019American School Of Modern Music puis au CRR de Paris ou\u0300 il rencontre de nombreux musiciens et int\u00e8gre diverses formations. Aujourd\u2019hui il fait partie de plusieurs groupes (Trio Somoho, Kipara) et exerce \u00e9galement le m\u00e9tier de musicien intervenant dans les \u00e9coles a\u0300 Paris et Aubervilliers. Dans sa pratique musicale il porte un int\u00e9r\u00eat particulier au jazz, aux musiques d\u2019Am\u00e9rique latine, a\u0300 l\u2019improvisation, la composition et l\u2019\u00e9criture de chansons pour enfants.<\/p>\n<div style=\"width: 1920px;\" class=\"wp-video\"><!--[if lt IE 9]><script>document.createElement('video');<\/script><![endif]-->\n<video class=\"wp-video-shortcode\" id=\"video-1332-1\" width=\"1920\" height=\"1080\" preload=\"metadata\" controls=\"controls\"><source type=\"video\/mp4\" src=\"http:\/\/macadamproduction.com\/wp-content\/uploads\/2023\/10\/Teaser-duo-svara-dunia.mp4?_=1\" \/><a href=\"http:\/\/macadamproduction.com\/wp-content\/uploads\/2023\/10\/Teaser-duo-svara-dunia.mp4\">http:\/\/macadamproduction.com\/wp-content\/uploads\/2023\/10\/Teaser-duo-svara-dunia.mp4<\/a><\/video><\/div>\n","protected":false},"excerpt":{"rendered":"<p>Svara Dunia est le duo d&#8217;une indon\u00e9sienne et d&#8217;un franco-colombien, artistes-musiciens et p\u00e9dagogues aupr\u00e8s du jeune public: en \u00e9cole, conservatoire et millieux sp\u00e9cialis\u00e9s. \u00a9 signifie &#8220;le son du monde&#8221; en indon\u00e9sien. C&#8217;est l&#8217;axe principal de travail de ce duo cr\u00e9\u00e9 en 2021. &nbsp; Ratna Indira :Ne\u0301e a\u0300 Jakarta, tre\u0300s to\u0302t passionne\u0301e de musique et de [&hellip;]<\/p>\n","protected":false},"featured_media":1371,"template":"","meta":{"_monsterinsights_skip_tracking":false,"_monsterinsights_sitenote_active":false,"_monsterinsights_sitenote_note":"","_monsterinsights_sitenote_category":0,"site-sidebar-layout":"default","site-content-layout":"default","ast-site-content-layout":"","site-content-style":"default","site-sidebar-style":"default","ast-global-header-display":"","ast-banner-title-visibility":"","ast-main-header-display":"","ast-hfb-above-header-display":"","ast-hfb-below-header-display":"","ast-hfb-mobile-header-display":"","site-post-title":"","ast-breadcrumbs-content":"","ast-featured-img":"","footer-sml-layout":"","theme-transparent-header-meta":"default","adv-header-id-meta":"","stick-header-meta":"","header-above-stick-meta":"","header-main-stick-meta":"","header-below-stick-meta":"","astra-migrate-meta-layouts":"default","ast-page-background-enabled":"default","ast-page-background-meta":{"desktop":{"background-color":"var(--ast-global-color-4)","background-image":"","background-repeat":"repeat","background-position":"center center","background-size":"auto","background-attachment":"scroll","background-type":"","background-media":"","overlay-type":"","overlay-color":"","overlay-gradient":""},"tablet":{"background-color":"","background-image":"","background-repeat":"repeat","background-position":"center center","background-size":"auto","background-attachment":"scroll","background-type":"","background-media":"","overlay-type":"","overlay-color":"","overlay-gradient":""},"mobile":{"background-color":"","background-image":"","background-repeat":"repeat","background-position":"center center","background-size":"auto","background-attachment":"scroll","background-type":"","background-media":"","overlay-type":"","overlay-color":"","overlay-gradient":""}},"ast-content-background-meta":{"desktop":{"background-color":"var(--ast-global-color-5)","background-image":"","background-repeat":"repeat","background-position":"center center","background-size":"auto","background-attachment":"scroll","background-type":"","background-media":"","overlay-type":"","overlay-color":"","overlay-gradient":""},"tablet":{"background-color":"var(--ast-global-color-5)","background-image":"","background-repeat":"repeat","background-position":"center center","background-size":"auto","background-attachment":"scroll","background-type":"","background-media":"","overlay-type":"","overlay-color":"","overlay-gradient":""},"mobile":{"background-color":"var(--ast-global-color-5)","background-image":"","background-repeat":"repeat","background-position":"center center","background-size":"auto","background-attachment":"scroll","background-type":"","background-media":"","overlay-type":"","overlay-color":"","overlay-gradient":""}}},"product_cat":[83],"product_tag":[],"aioseo_notices":[],"_links":{"self":[{"href":"https:\/\/macadamproduction.com\/index.php\/wp-json\/wp\/v2\/product\/1332"}],"collection":[{"href":"https:\/\/macadamproduction.com\/index.php\/wp-json\/wp\/v2\/product"}],"about":[{"href":"https:\/\/macadamproduction.com\/index.php\/wp-json\/wp\/v2\/types\/product"}],"version-history":[{"count":5,"href":"https:\/\/macadamproduction.com\/index.php\/wp-json\/wp\/v2\/product\/1332\/revisions"}],"predecessor-version":[{"id":1423,"href":"https:\/\/macadamproduction.com\/index.php\/wp-json\/wp\/v2\/product\/1332\/revisions\/1423"}],"wp:featuredmedia":[{"embeddable":true,"href":"https:\/\/macadamproduction.com\/index.php\/wp-json\/wp\/v2\/media\/1371"}],"wp:attachment":[{"href":"https:\/\/macadamproduction.com\/index.php\/wp-json\/wp\/v2\/media?parent=1332"}],"wp:term":[{"taxonomy":"product_cat","embeddable":true,"href":"https:\/\/macadamproduction.com\/index.php\/wp-json\/wp\/v2\/product_cat?post=1332"},{"taxonomy":"product_tag","embeddable":true,"href":"https:\/\/macadamproduction.com\/index.php\/wp-json\/wp\/v2\/product_tag?post=1332"}],"curies":[{"name":"wp","href":"https:\/\/api.w.org\/{rel}","templated":true}]}}